{"id":9,"date":"2020-06-11T18:27:35","date_gmt":"2020-06-11T18:27:35","guid":{"rendered":"http:\/\/batista.biz\/wp54\/?page_id=9"},"modified":"2020-06-11T18:52:26","modified_gmt":"2020-06-11T18:52:26","slug":"inicio","status":"publish","type":"page","link":"http:\/\/batista.biz\/wp54\/","title":{"rendered":"In\u00edcio"},"content":{"rendered":"\n<p>Bem-vindo ao seu site! Esta \u00e9 a sua p\u00e1gina inicial, que \u00e9 o que a maioria dos utilizadores ver\u00e1 ao visitar o seu site pela primeira vez.<\/p>\n\n\n\n<p><\/p>\n\n\n\n\n","protected":false},"excerpt":{"rendered":"<p>Bem-vindo ao seu site! Esta \u00e9 a sua p\u00e1gina inicial, que \u00e9 o que a maioria dos utilizadores ver\u00e1 ao visitar o seu site pela primeira vez.<\/p>\n","protected":false},"author":1,"featured_media":0,"parent":0,"menu_order":0,"comment_status":"closed","ping_status":"closed","template":"","meta":[],"_links":{"self":[{"href":"http:\/\/batista.biz\/wp54\/wp-json\/wp\/v2\/pages\/9"}],"collection":[{"href":"http:\/\/batista.biz\/wp54\/wp-json\/wp\/v2\/pages"}],"about":[{"href":"http:\/\/batista.biz\/wp54\/wp-json\/wp\/v2\/types\/page"}],"author":[{"embeddable":true,"href":"http:\/\/batista.biz\/wp54\/wp-json\/wp\/v2\/users\/1"}],"replies":[{"embeddable":true,"href":"http:\/\/batista.biz\/wp54\/wp-json\/wp\/v2\/comments?post=9"}],"version-history":[{"count":2,"href":"http:\/\/batista.biz\/wp54\/wp-json\/wp\/v2\/pages\/9\/revisions"}],"predecessor-version":[{"id":42,"href":"http:\/\/batista.biz\/wp54\/wp-json\/wp\/v2\/pages\/9\/revisions\/42"}],"wp:attachment":[{"href":"http:\/\/batista.biz\/wp54\/wp-json\/wp\/v2\/media?parent=9"}],"curies":[{"name":"wp","href":"https:\/\/api.w.org\/{rel}","templated":true}]}}