{"id":11,"date":"2020-06-11T18:27:35","date_gmt":"2020-06-11T18:27:35","guid":{"rendered":"http:\/\/batista.biz\/wp54\/?page_id=11"},"modified":"2020-06-11T18:27:35","modified_gmt":"2020-06-11T18:27:35","slug":"contacto","status":"publish","type":"page","link":"http:\/\/batista.biz\/wp54\/contacto\/","title":{"rendered":"Contacto"},"content":{"rendered":"\n<p>Esta \u00e9 uma p\u00e1gina com algumas informa\u00e7\u00f5es b\u00e1sicas de contacto, tais como uma morada e o n\u00famero de telefone. Tamb\u00e9m poder\u00e1 usar um plugin para adicionar um formul\u00e1rio de contacto.<\/p>\n","protected":false},"excerpt":{"rendered":"<p>Esta \u00e9 uma p\u00e1gina com algumas informa\u00e7\u00f5es b\u00e1sicas de contacto, tais como uma morada e o n\u00famero de telefone. Tamb\u00e9m poder\u00e1 usar um plugin para adicionar um formul\u00e1rio de contacto.<\/p>\n","protected":false},"author":1,"featured_media":6,"parent":0,"menu_order":0,"comment_status":"closed","ping_status":"closed","template":"","meta":[],"_links":{"self":[{"href":"http:\/\/batista.biz\/wp54\/wp-json\/wp\/v2\/pages\/11"}],"collection":[{"href":"http:\/\/batista.biz\/wp54\/wp-json\/wp\/v2\/pages"}],"about":[{"href":"http:\/\/batista.biz\/wp54\/wp-json\/wp\/v2\/types\/page"}],"author":[{"embeddable":true,"href":"http:\/\/batista.biz\/wp54\/wp-json\/wp\/v2\/users\/1"}],"replies":[{"embeddable":true,"href":"http:\/\/batista.biz\/wp54\/wp-json\/wp\/v2\/comments?post=11"}],"version-history":[{"count":1,"href":"http:\/\/batista.biz\/wp54\/wp-json\/wp\/v2\/pages\/11\/revisions"}],"predecessor-version":[{"id":26,"href":"http:\/\/batista.biz\/wp54\/wp-json\/wp\/v2\/pages\/11\/revisions\/26"}],"wp:featuredmedia":[{"embeddable":true,"href":"http:\/\/batista.biz\/wp54\/wp-json\/wp\/v2\/media\/6"}],"wp:attachment":[{"href":"http:\/\/batista.biz\/wp54\/wp-json\/wp\/v2\/media?parent=11"}],"curies":[{"name":"wp","href":"https:\/\/api.w.org\/{rel}","templated":true}]}}